{"id":135,"date":"2023-11-15T00:26:06","date_gmt":"2023-11-14T23:26:06","guid":{"rendered":"https:\/\/lafuria.fr\/?page_id=135"},"modified":"2025-11-06T18:24:26","modified_gmt":"2025-11-06T17:24:26","slug":"don","status":"publish","type":"page","link":"https:\/\/lafuria.fr\/index.php\/don\/","title":{"rendered":"Don"},"content":{"rendered":"\t\t<div data-elementor-type=\"wp-page\" data-elementor-id=\"135\" class=\"elementor elementor-135\">\n\t\t\t\t<div class=\"elementor-element elementor-element-23d1107e e-con-full e-flex e-con e-parent\" data-id=\"23d1107e\" data-element_type=\"container\">\n\t\t<div class=\"elementor-element elementor-element-a584085 e-flex e-con-boxed e-con e-child\" data-id=\"a584085\" data-element_type=\"container\">\n\t\t\t\t\t<div class=\"e-con-inner\">\n\t\t\t\t<div class=\"elementor-element elementor-element-a7d3f59 elementor-widget elementor-widget-image\" data-id=\"a7d3f59\" data-element_type=\"widget\" data-widget_type=\"image.default\">\n\t\t\t\t<div class=\"elementor-widget-container\">\n\t\t\t\t\t\t\t\t\t\t\t\t\t\t\t<img fetchpriority=\"high\" decoding=\"async\" width=\"768\" height=\"768\" src=\"https:\/\/lafuria.fr\/wp-content\/uploads\/2023\/11\/ILLUSTRATION-BLOC-DONS-768x768.png\" class=\"attachment-medium_large size-medium_large wp-image-143\" alt=\"\" srcset=\"https:\/\/lafuria.fr\/wp-content\/uploads\/2023\/11\/ILLUSTRATION-BLOC-DONS-768x768.png 768w, https:\/\/lafuria.fr\/wp-content\/uploads\/2023\/11\/ILLUSTRATION-BLOC-DONS-300x300.png 300w, https:\/\/lafuria.fr\/wp-content\/uploads\/2023\/11\/ILLUSTRATION-BLOC-DONS-150x150.png 150w, https:\/\/lafuria.fr\/wp-content\/uploads\/2023\/11\/ILLUSTRATION-BLOC-DONS.png 1024w\" sizes=\"(max-width: 768px) 100vw, 768px\" \/>\t\t\t\t\t\t\t\t\t\t\t\t\t\t\t<\/div>\n\t\t\t\t<\/div>\n\t\t<div class=\"elementor-element elementor-element-13c6961 e-flex e-con-boxed e-con e-child\" data-id=\"13c6961\" data-element_type=\"container\">\n\t\t\t\t\t<div class=\"e-con-inner\">\n\t\t\t\t<div class=\"elementor-element elementor-element-424def0 elementor-widget elementor-widget-heading\" data-id=\"424def0\" data-element_type=\"widget\" data-widget_type=\"heading.default\">\n\t\t\t\t<div class=\"elementor-widget-container\">\n\t\t\t\t\t<h2 class=\"elementor-heading-title elementor-size-default\">Je fais un don<\/h2>\t\t\t\t<\/div>\n\t\t\t\t<\/div>\n\t\t\t\t<div class=\"elementor-element elementor-element-357ab05 elementor-widget elementor-widget-text-editor\" data-id=\"357ab05\" data-element_type=\"widget\" data-widget_type=\"text-editor.default\">\n\t\t\t\t<div class=\"elementor-widget-container\">\n\t\t\t\t\t\t\t\t\tNous devons notre existence \u00e0 votre soutien. Vous pouvez renforcer ce soutien en faisant un don \u00e0 notre r\u00e9daction. Concr\u00e8tement, vos dons nous permettront de d\u00e9velopper notre revue, enrichir notre contenus, renforcer notre \u00e9quipe et cr\u00e9er des \u00e9v\u00e8nements dignes de vous.\t\t\t\t\t\t\t\t<\/div>\n\t\t\t\t<\/div>\n\t\t\t\t<div class=\"elementor-element elementor-element-7743fb0 elementor-widget__width-auto elementor-align-left elementor-widget elementor-widget-button\" data-id=\"7743fb0\" data-element_type=\"widget\" data-widget_type=\"button.default\">\n\t\t\t\t<div class=\"elementor-widget-container\">\n\t\t\t\t\t\t\t\t\t<div class=\"elementor-button-wrapper\">\n\t\t\t\t\t<a class=\"elementor-button elementor-button-link elementor-size-sm\" href=\"https:\/\/abo.lafuria.fr\/panier.html?prodref=furia.265.253\">\n\t\t\t\t\t\t<span class=\"elementor-button-content-wrapper\">\n\t\t\t\t\t\t\t\t\t<span class=\"elementor-button-text\">Je fais un don<\/span>\n\t\t\t\t\t<\/span>\n\t\t\t\t\t<\/a>\n\t\t\t\t<\/div>\n\t\t\t\t\t\t\t\t<\/div>\n\t\t\t\t<\/div>\n\t\t\t\t\t<\/div>\n\t\t\t\t<\/div>\n\t\t\t\t\t<\/div>\n\t\t\t\t<\/div>\n\t\t\t\t<\/div>\n\t\t<div class=\"elementor-element elementor-element-6f3b5d3 e-flex e-con-boxed e-con e-parent\" data-id=\"6f3b5d3\" data-element_type=\"container\">\n\t\t\t\t\t<div class=\"e-con-inner\">\n\t\t\t\t\t<\/div>\n\t\t\t\t<\/div>\n\t\t\t\t<\/div>\n\t\t","protected":false},"excerpt":{"rendered":"<p>Je fais un don Nous devons notre existence \u00e0 votre soutien. Vous pouvez renforcer ce soutien en faisant un don \u00e0 notre r\u00e9daction. Concr\u00e8tement, vos dons nous permettront de d\u00e9velopper notre revue, enrichir notre contenus, renforcer notre \u00e9quipe et cr\u00e9er des \u00e9v\u00e8nements dignes de vous. Je fais un don<\/p>\n","protected":false},"author":2,"featured_media":0,"parent":0,"menu_order":0,"comment_status":"closed","ping_status":"closed","template":"elementor_header_footer","meta":{"footnotes":""},"class_list":["post-135","page","type-page","status-publish"],"_links":{"self":[{"href":"https:\/\/lafuria.fr\/index.php\/wp-json\/wp\/v2\/pages\/135","targetHints":{"allow":["GET"]}}],"collection":[{"href":"https:\/\/lafuria.fr\/index.php\/wp-json\/wp\/v2\/pages"}],"about":[{"href":"https:\/\/lafuria.fr\/index.php\/wp-json\/wp\/v2\/types\/page"}],"author":[{"embeddable":true,"href":"https:\/\/lafuria.fr\/index.php\/wp-json\/wp\/v2\/users\/2"}],"replies":[{"embeddable":true,"href":"https:\/\/lafuria.fr\/index.php\/wp-json\/wp\/v2\/comments?post=135"}],"version-history":[{"count":107,"href":"https:\/\/lafuria.fr\/index.php\/wp-json\/wp\/v2\/pages\/135\/revisions"}],"predecessor-version":[{"id":2357,"href":"https:\/\/lafuria.fr\/index.php\/wp-json\/wp\/v2\/pages\/135\/revisions\/2357"}],"wp:attachment":[{"href":"https:\/\/lafuria.fr\/index.php\/wp-json\/wp\/v2\/media?parent=135"}],"curies":[{"name":"wp","href":"https:\/\/api.w.org\/{rel}","templated":true}]}}